{"id":88,"date":"2019-12-14T13:17:52","date_gmt":"2019-12-14T13:17:52","guid":{"rendered":"http:\/\/www.pumidas.com\/kolekcija\/?page_id=88"},"modified":"2019-12-14T13:17:52","modified_gmt":"2019-12-14T13:17:52","slug":"paaiskinimai-apie-specifikacijas","status":"publish","type":"page","link":"https:\/\/www.pumidas.com\/kolekcija\/paaiskinimai-apie-specifikacijas\/","title":{"rendered":"Paai\u0161kinimai apie specifikacijas"},"content":{"rendered":"\n<p>Kompiuteriu kaina rodoma i\u0161 interneto, kaina rodoma tokia, kokia  buvo siuloma pardavimui serijos paleidimo metu. Poto daugelis kompiuteri\u0173, savo gyvavimo pabaigoje buvo \u017eymiai pigesni. Tod\u0117l, pvz. Atari 800 (be raid\u017ei\u0173) kainavo $1000 1979 met\u0173 pinig\u0173. O jau 1983, XL tik $165. Tod\u0117l kaina tik \u012fdomus &#8220;fun&#8221; faktas apie to meto komp\u0173 kainas. Nes daugelis \u017emoni\u0173 nesupranta kokie <strong>brang\u016bs buvo kompiuteriai<\/strong>. O jei dar prid\u0117sim taryb\u0173 s\u0105jungos specifik\u0105, suprasi kad kompo kaina buvo tragi\u0161ka.<\/p>\n\n\n\n<p>Grafika- kai kurie kompiuteriai turi tik vien\u0105, fiksuot\u0105, grafikos re\u017eim\u0105. Kiti kompiuteriai turi kelis, irgi fiksuotus. Tuo tarpu kompiuteriai su perprogramuojamu GPU tur\u0117jo &#8220;lanks\u010dius&#8221; parametrus. Ir jie monitorius\/televizorius sugeb\u0117davo rodyti vaizd\u0105, tai ir galima buvo susikurti savo &#8220;grafikos re\u017eim\u0105&#8221;.<\/p>\n\n\n\n<p>RAM kiekis. Vieni kompiuteriai tur\u0117jo nekei\u010dia atminties kiek\u012f, \u012f kitus buvo galima \u012filituoti papildomus \u010dipus arba ki\u0161ti papildom\u0105 plok\u0161t\u0119. V\u0117liau atsirado standartizuoti atminties modeliai (ZIP\/SIMM\/DIMM&#8230;) ir atminties kiekis pasidar\u0117 nelabai apibr\u0117\u017etas.<\/p>\n\n\n\n<p>CPU ir jo da\u017enis. Seniau kompai tur\u0117jo \u012flituot\u0105 procesori\u0173 ir jo da\u017enis da\u017enai buvo susietas su viso kompiuterio da\u017eniu- sistema buvo sinchroni\u0161ka vaizdui. Labai da\u017enai b\u016bdavo, kad vaizdas stabdydavo procesoriaus darb\u0105, ir visi\u0161kai nesvarbu, kad daug MHZ, bet procesorius beveik neveikdavo, kol buvo formuojamas vaizdas. Kai kurie kompiuteriai netgi tur\u0117jo &#8220;turbo&#8221; re\u017eim\u0105, kai buvo galima i\u0161jungti vaizd\u0105, jei reikia pagreitinti skai\u010diavimus. Tod\u0117l su senaisiai kompiuteriai negalima sakyti, kad 4MHz labai grei\u010diau nei 2.8MHz. Taip, pat nelabai korekti\u0161ka lyginti skirtingus procesorius- antikinis 6502 tikrai l\u0117tesnis, nei &#8220;moderni\u0161kas&#8221; Z80 ar beveik 32 bit\u0173 68000.<\/p>\n\n\n\n<p><\/p>\n","protected":false},"excerpt":{"rendered":"<p>Kompiuteriu kaina rodoma i\u0161 interneto, kaina rodoma tokia, kokia buvo siuloma pardavimui serijos paleidimo metu. Poto daugelis kompiuteri\u0173, savo gyvavimo pabaigoje buvo \u017eymiai pigesni. Tod\u0117l, pvz. Atari 800 (be raid\u017ei\u0173) kainavo $1000 1979 met\u0173 pinig\u0173. O jau 1983, XL tik&#8230; <a class=\"more-link\" href=\"https:\/\/www.pumidas.com\/kolekcija\/paaiskinimai-apie-specifikacijas\/\">Continue Reading &rarr;<\/a><\/p>\n","protected":false},"author":1,"featured_media":0,"parent":0,"menu_order":0,"comment_status":"closed","ping_status":"closed","template":"","meta":{"footnotes":""},"class_list":["post-88","page","type-page","status-publish","hentry"],"_links":{"self":[{"href":"https:\/\/www.pumidas.com\/kolekcija\/wp-json\/wp\/v2\/pages\/88","targetHints":{"allow":["GET"]}}],"collection":[{"href":"https:\/\/www.pumidas.com\/kolekcija\/wp-json\/wp\/v2\/pages"}],"about":[{"href":"https:\/\/www.pumidas.com\/kolekcija\/wp-json\/wp\/v2\/types\/page"}],"author":[{"embeddable":true,"href":"https:\/\/www.pumidas.com\/kolekcija\/wp-json\/wp\/v2\/users\/1"}],"replies":[{"embeddable":true,"href":"https:\/\/www.pumidas.com\/kolekcija\/wp-json\/wp\/v2\/comments?post=88"}],"version-history":[{"count":1,"href":"https:\/\/www.pumidas.com\/kolekcija\/wp-json\/wp\/v2\/pages\/88\/revisions"}],"predecessor-version":[{"id":89,"href":"https:\/\/www.pumidas.com\/kolekcija\/wp-json\/wp\/v2\/pages\/88\/revisions\/89"}],"wp:attachment":[{"href":"https:\/\/www.pumidas.com\/kolekcija\/wp-json\/wp\/v2\/media?parent=88"}],"curies":[{"name":"wp","href":"https:\/\/api.w.org\/{rel}","templated":true}]}}