{"id":3,"date":"2019-12-10T22:38:19","date_gmt":"2019-12-10T22:38:19","guid":{"rendered":"http:\/\/www.pumidas.com\/kolekcija\/?page_id=3"},"modified":"2019-12-10T23:12:03","modified_gmt":"2019-12-10T23:12:03","slug":"privacy-policy","status":"publish","type":"page","link":"https:\/\/www.pumidas.com\/kolekcija\/privacy-policy\/","title":{"rendered":"Privacy Policy"},"content":{"rendered":"\n<p>Taip privataus \u017emogaus interneto puslapiai. O ne \u012fmon\u0117s, tod\u0117l \u010dia galioja \u017emogaus \u017eod\u017eio laisv\u0117s prioritetai. Jei jums \u010dia kas nors nepatinka, tada eikit \u0161ikt.<br><\/p>\n\n\n\n<p>\u0160ie interneto puslapiai yra originalas. T.y. \u0161iuose puslapiuose viskas para\u0161yta rankut\u0117mis, viskas i\u0161bandyta, sulituota, sudeginta, i\u0161tirpdyta, susvilinta ir apseiliota.  Internetas pilnas \u0161iuk\u0161li\u0173. Internatas pilnas plagiato. Nes labai paprasta- tereikia \u012fvaldyti copy-paste metod\u0105 ir j\u016bs\u0173 puslapiai pilni informacijos. O galima padaryti dar gudriau- para\u0161yti program\u0105 kuri pati skaitytu svetimus interneto puslapius ir gamintu savo. O galima net nera\u0161yti programos- juk \u0161ie puslapiai turi RSS s\u0105saj\u0105. Tereikia kokio nors plugino ir j\u016bs\u0173 puslapiai pilni. Tod\u0117l informacija kopijuotojams. Kopijuoti informacij\u0105 be autoriaus sutikimo draud\u017eiama. O jei kur leid\u017eiama, tai b\u016btinai turi b\u016bti nuorodos \u012f autoryst\u0119, tiesiogin\u0117 interneto nuorod\u0105 \u012f original\u0173 puslap\u012f. <br>\u00a9 by Levas Vabolis. <\/p>\n\n\n\n<h2 class=\"wp-block-heading\">Informacija <\/h2>\n\n\n\n<p>Komerciniai klausimais pra\u0161om kreiptis \u012f Kromelio puslapius. Ten pat yra nuoroda \u012f kontaktinius emailus. Puslapiuose gali b\u016bti klaid\u0173. Visaip bandom j\u0173 i\u0161vengti, bet vistiek viena kita schema ar mintis gali b\u016bti klaidinga. Bye, Levas P.S. Kopijuoi be mano sutikimo negalima. <br>Visa informacija \u00a9 Savel. <br><br>Ir standartin\u0117 informacija: Atsakomyb\u0117s apribojimas  Savel (www.vabolis.lt, pumidas.com ir t.t.) neatsako u\u017e informacijos \u0161altini\u0173 puslapiuose pateiktos informacijos turin\u012f, jo niekaip nekontroliuoja ir nedaro kitos \u012ftakos. Visa atsakomyb\u0117 u\u017e informacijos teisingum\u0105, tikrovi\u0161kum\u0105, autorini\u0173 teisi\u0173 laikym\u0105si, atitikim\u0105 Lietuvos Respublikos \u012fstatymams tenka informacij\u0105 pateikusiam \u0161altiniui. U\u017e straipsni\u0173, komentar\u0173, forum\u0173, konsultacij\u0173 panaudojim\u0105 atsakingas pats paslaugos vartotojas. Straipsni\u0173 komentarai gali neatitikti puslapio autoriaus nuomon\u0117s ir neatspindi puslapio \u012fd\u0117jos. U\u017e komentarus atsakingi komentar\u0173 autoriai. Savel\/pumidas administracija stengiasi u\u017etikrinti auk\u0161\u010diausi\u0105 paslaug\u0173 kokyb\u0119, ta\u010diau negarantuoja \u0161i\u0173 paslaug\u0173 nepertraukiamumo, kuris gali atsirasti d\u0117l technini\u0173 gedim\u0173, finansini\u0173 krizi\u0173, magnetini\u0173 audr\u0173 ar interneto tiek\u0117jo kalt\u0117s.  Savel administracija neatsako u\u017e puslapiuose pateiktas nuorodas \u012f kit\u0173 \u012fmoni\u0173, istaig\u0173, organizacij\u0173 ar fizini\u0173 asmen\u0173 tinklalapius, ten pateiktos informacijos turin\u012f ar vykdom\u0105 veikl\u0105. Savel neatsako u\u017e rodomos reklamos teis\u0117tum\u0105 ir tikrovi\u0161kum\u0105. Caveat emptor. Savel administracija neatsako u\u017e neigiamus padarinius, atsiradusius naudojantis puslapi\u0173 paslaugomis, Jums pateikus neteisingus duomenis apie save ar d\u0117l kit\u0173 Savel informacijos ir paslaug\u0173 teikimo s\u0105lyg\u0173 pa\u017eeidim\u0173. Naudojantis paslauga, Savel administracija neatsako u\u017e J\u016bs\u0173 asmeninio kompiuterio apsaug\u0105 nuo kompiuterini\u0173 virus\u0173.  Savel neatsako u\u017e pateiktos informacijos skaitytoj\u0173 interpretacijas. Jei skaitytojams atrodo, kad informacija ka\u017ekaip juos veikia, tai pats laikas kreiptis \u012f specialistus kurie jiems pad\u0117s. Informacija pateikta \u0161iuose puslapiuose skirta visapusi\u0161kai i\u0161silavinusiems \u017emon\u0117ms. Puslapiuose pateikti eksperimentai gali b\u016bti pavojingi, jei atliekami neproting\u0173 asmen\u0173, tod\u0117l kartoti eksperimentus draud\u017eiama. Visos med\u017eiagos eksperimentams lengvai gaunamos ir n\u0117ra draud\u017eiamos. Rekomenduoju i\u0161mokti skaityti perkam\u0173 med\u017eiag\u0173 sud\u0117tines dalis ir daryti i\u0161vadas. Savel laiko visus puslapio lankytojus pilname\u010diais, o jei jie ir n\u0117ra pilname\u010diai, tai Savel neatsako u\u017e juos, j\u0173 laiming\u0105 vaikyst\u0119 ir ateities lytin\u012f gyvenim\u0105. Vaikus turi pri\u017ei\u016br\u0117ti t\u0117vai, o ne ka\u017ekokie tai interneto puslapi\u0173 administratoriai. Tais atvejais, kai atskir\u0173 paslaug\u0173 teikimui Jums yra suteikiamas slapta\u017eodis, u\u017e jo saugum\u0105 atsakingi esate J\u016bs patys. Jei paslauga naudojasi tre\u010diasis asmuo, kuris, jungdamasis prie Savel puslapi\u0173, naudojasi Jums asmeni\u0161kai suteiktu slapta\u017eod\u017eiu, Savel Administracija tok\u012f asmen\u012f laiko tinkamu vartotoju, t.y., Jumis, ir neatsako u\u017e \u0161ios informacijos atskleidim\u0105 bei d\u0117l to atsiradusius \u017ealingus padarinius.  Draud\u017eiama informacija  Puslapiuose draud\u017eiama skelbti informacij\u0105, kurioje:  1. kurstoma tautin\u0117, rasin\u0117, religin\u0117, socialin\u0117, seksualin\u0117 bei ly\u010di\u0173 neapykanta;  2. platinama, propaguojama ar reklamuojama pornografija, seksualin\u0117s paslaugos, seksualiniai i\u0161krypimai bei narkotin\u0117s ar psichotropin\u0117s med\u017eiagos, kita teis\u0117s aktams prie\u0161taraujanti informacija;  3. skelbiama informacija, \u0161mei\u017eianti, \u012f\u017eeid\u017eianti \u017emog\u0173, \u017eeminanti jo garb\u0119 ir orum\u0105; 4. pa\u017eeid\u017eiamos bet kokios autorin\u0117s, prekini\u0173 \u017eenkl\u0173 arba patent\u0173 teis\u0117s;  5. atskleid\u017eiamos komercin\u0117s paslaptys arba kita slapta informacija;  6. pa\u017eeid\u017eiama bet kurio asmens teis\u0117 \u012f privatum\u0105; 7. grasinama pakenkti asmenims ar turtui;  8. pa\u017eeid\u017eiami bet kurie kiti Lietuvos Respublikos \u012fstatymai bei tarptautiniai susitarimai;  9. kuri nepatinka Savel administracijai.  Taip pat draud\u017eiama informacija apima, bet neapsiriboja:  10. programas su virusais ir\/arba priemon\u0117mis, pa\u017eeid\u017eian\u010diomis Savel ir\/arba kit\u0173 tinklalapi\u0173 saugum\u0105; 11. pra\u0161ymus arba reklam\u0105 ne tam skirtoje vietoje;  12. nelegalios veiklos pasi\u016blymus arba skatinim\u0105; 13. priva\u010di\u0105 informacija apie bet kur\u012f asmen\u012f, toki\u0105 kaip telefon\u0173 numeriai, adresai, asmens kodai arba bet kuri\u0105 kit\u0105 priva\u010di\u0105 informacij\u0105, nebent to nori informacijos savininkas;  14. dvigub\u0105 publikavim\u0105 arba masin\u012f e-lai\u0161k\u0173 siuntin\u0117jim\u0105 (spam).  Visa puslapiuose paskelbta draud\u017eiama informacija bus \u0161alinama, o duomenys apie asmenis, paskelbusius toki\u0105 informacij\u0105, gali b\u016bti perduodami Lietuvos Respublikos \u012fstatym\u0173 nustatyta tvarka teis\u0117saugos institucijoms. Jei u\u017eknisit administracij\u0105, tikrai prane\u0161ime prad\u017eiai kad ir nvtat. Apie pa\u017eeidimus pra\u0161ome prane\u0161ti elektroninio pa\u0161to adresu: webmaster@savel.org taip pat \u0161is adresas tinkamas ir paprastoms u\u017eklausom. Paslaug\u0173 nutraukimas  Savel Administracija pasilieka teis\u0119 be atskiro \u012fsp\u0117jimo, bet kuriuo metu ir nenurod\u017eius prie\u017easties nutraukti puslapiuose teikiamas atskiras arba visas paslaugas. Ir i\u0161 viso, k\u0105 norim, t\u0105 ir darom. Administratorius visada teisus. Administratorius yra Dievas. Puslapi\u0173 administracija visada teisi. Net ir tada, kai jums atrodo, kad administracija neteisi. Jei nesutinkate su \u0161iom taisykl\u0117mis, pra\u0161om palikti \u0161iuos puslapius. Copyright \/ Autorin\u0117s teis\u0117s Visos teis\u0117s \u012f tekstin\u0119, grafin\u0119 informacij\u0105 priklauso jos autoriams arba\/ir puslapi\u0173 administracijai. Kopijuoti be puslapi\u0173 administracijos sutikimo draud\u017eiama. Serveri\u0173 apkrovos ir saugos taisykl\u0117s Savel serveri\u0173 resurs\u0173 negalima naudoti kit\u0173 serveri\u0173 naudai. Taip vadinamas \u201csiurbeliavimas&#8221; arba \u201cleeching&#8221; yra grie\u017etai draud\u017eiamas. Vie\u0161as puslapi\u0173 ftp serveris yra skirtas tik laikinai nari\u0173 informacijai laikyti. Informacija serveryje yra nesaugoma &#8211; kiekvienas vartotojas gali i\u0161trinti svetim\u0105 fail\u0105. Serveriai gali b\u016bti nulau\u017eti\/sul\u016b\u017eti, tod\u0117l nerekomenduojama juose laikyti svarbios informacijos. Savel neatsako u\u017e duomen\u0173 saugum\u0105 serveriuose. <\/p>\n\n\n\n<h2 class=\"wp-block-heading\">Informacija angliakalbiams: <\/h2>\n\n\n\n<p><br>Unless otherwise noted, all materials contained in this Site are copyrighted and may not be used except as provided in these terms and conditions or in the copyright notice (documents and software) or other proprietary notice provided with the relevant materials. The materials contained in the Site may be downloaded or copied for personal use, provided that ALL copies retain the copyright and any other proprietary notices contained on the materials. No material may be modified, edited, posted in other site or taken out of context such that its use creates a false or misleading statement or impression as to the positions, statements or actions of Vabolis.lt\/pumidas.com. <br>THIS INFORMATION IS PROVIDED \u201cAS IS&#8221; WITHOUT WARRANTY OF ANY KIND, EITHER EXPRESSED OR IMPLIED, INCLUDING, BUT NOT LIMITED TO, THE IMPLIED WARRANTIES OF MERCHANTABILITY, FITNESS FOR A PARTICULAR PURPOSE, OR NON-INFRINGEMENT.  IN NO EVENT SHALL VABOLIS.LT BE LIABLE FOR ANY SPECIAL, INCIDENTAL, INDIRECT OR CONSEQUENTIAL DAMAGES OF ANY KIND, OR ANY DAMAGES WHATSOEVER RESULTING FROM LOSS OF USE, DATA OR PROFITS, WHETHER OR NOT ADVISED OF THE POSSIBILITY OF DAMAGE, AND ON ANY THEORY OF LIABILITY, ARISING OUT OF OR IN CONNECTION WITH THE USE OR PERFORMANCE OF THIS INFORMATION.  THIS INFORMATION COULD INCLUDE TECHNICAL INACCURACIES OR TYPOGRAPHICAL ERRORS. CHANGES MAY BE PERIODICALLY ADDED TO THE INFORMATION HEREIN.  <\/p>\n\n\n\n<h2 class=\"wp-block-heading\">What personal data we collect and why we collect it<\/h2>\n\n\n\n<h3 class=\"wp-block-heading\">Comments<\/h3>\n\n\n\n<p>When visitors leave comments on the site we collect the data shown in the comments form, and also the visitor\u2019s IP address and browser user agent string to help spam detection.<\/p>\n\n\n\n<p>An anonymized string created from your email address (also called a hash) may be provided to the Gravatar service to see if you are using it. The Gravatar service privacy policy is available here: https:\/\/automattic.com\/privacy\/. After approval of your comment, your profile picture is visible to the public in the context of your comment.<\/p>\n\n\n\n<h3 class=\"wp-block-heading\">Media<\/h3>\n\n\n\n<p>If you upload images to the website, you should avoid uploading images with embedded location data (EXIF GPS) included. Visitors to the website can download and extract any location data from images on the website.<\/p>\n\n\n\n<h3 class=\"wp-block-heading\">Contact forms<\/h3>\n\n\n\n<h3 class=\"wp-block-heading\">Cookies<\/h3>\n\n\n\n<p>If you leave a comment on our site you may opt-in to saving your name, email address and website in cookies. These are for your convenience so that you do not have to fill in your details again when you leave another comment. These cookies will last for one year.<\/p>\n\n\n\n<p>If you have an account and you log in to this site, we will set a temporary cookie to determine if your browser accepts cookies. This cookie contains no personal data and is discarded when you close your browser.<\/p>\n\n\n\n<p>When you log in, we will also set up several cookies to save your login information and your screen display choices. Login cookies last for two days, and screen options cookies last for a year. If you select &#8220;Remember Me&#8221;, your login will persist for two weeks. If you log out of your account, the login cookies will be removed.<\/p>\n\n\n\n<p>If you edit or publish an article, an additional cookie will be saved in your browser. This cookie includes no personal data and simply indicates the post ID of the article you just edited. It expires after 1 day.<\/p>\n\n\n\n<h3 class=\"wp-block-heading\">Embedded content from other websites<\/h3>\n\n\n\n<p>Articles on this site may include embedded content (e.g. videos, images, articles, etc.). Embedded content from other websites behaves in the exact same way as if the visitor has visited the other website.<\/p>\n\n\n\n<p>These websites may collect data about you, use cookies, embed additional third-party tracking, and monitor your interaction with that embedded content, including tracking your interaction with the embedded content if you have an account and are logged in to that website.<\/p>\n\n\n\n<h3 class=\"wp-block-heading\">Analytics<\/h3>\n\n\n\n<h2 class=\"wp-block-heading\">Who we share your data with<\/h2>\n\n\n\n<p>with nobody.<\/p>\n\n\n\n<h2 class=\"wp-block-heading\">How long we retain your data<\/h2>\n\n\n\n<p>If you leave a comment, the comment and its metadata are retained indefinitely. This is so we can recognize and approve any follow-up comments automatically instead of holding them in a moderation queue.<\/p>\n\n\n\n<p>For users that register on our website (if any), we also store the personal information they provide in their user profile. All users can see, edit, or delete their personal information at any time (except they cannot change their username). Website administrators can also see and edit that information.<\/p>\n\n\n\n<h2 class=\"wp-block-heading\">What rights you have over your data<\/h2>\n\n\n\n<p>If you have an account on this site, or have left comments, you can request to receive an exported file of the personal data we hold about you, including any data you have provided to us. You can also request that we erase any personal data we hold about you. This does not include any data we are obliged to keep for administrative, legal, or security purposes.<br>All rights to data you posted to these pages are transfered to vabolis\/pumidas.<br><\/p>\n\n\n\n<h2 class=\"wp-block-heading\">Where we send your data<\/h2>\n\n\n\n<p>Visitor comments may be checked through an automated spam detection service.<\/p>\n\n\n\n<h2 class=\"wp-block-heading\">Your contact information<\/h2>\n\n\n\n<p>Please do not contact us.<\/p>\n\n\n\n<h2 class=\"wp-block-heading\">Additional information<\/h2>\n\n\n\n<h3 class=\"wp-block-heading\">How we protect your data<\/h3>\n\n\n\n<p>We do not protect your data, so please do not give us your data. All data in these pages are public.<\/p>\n\n\n\n<h3 class=\"wp-block-heading\">Industry regulatory disclosure requirements<\/h3>\n\n\n\n<p>Suknista europos s\u0105junga reikalauja:<br><br>M\u016bs\u0173 svetain\u0117je slapukai (cookies) yra naudojami m\u016bs\u0173 svetain\u0117s funkcionalumui palaikyti, nar\u0161ymo sesijos identifikavimui ir  kalbos nustatymui. Slapukas \u2013 tai nedidelis kiekis informacijos, kur\u012f m\u016bs\u0173 serveris i\u0161siun\u010dia \u012f J\u016bs\u0173 kompiuterio stand\u0173j\u012f disk\u0105, kad interneto svetain\u0117 prisimint\u0173 Jus. \u0160i\u0105 informacij\u0105 gali sudaryti svetain\u0117s nuostat\u0173 duomenys, puslapio URL nuoroda, sugeneruotas unikalus kodas sesijos identifikacijai. Daugelis nar\u0161ykli\u0173 yra nustatytos taip, kad automati\u0161kai priimt\u0173 slapukus. Galite nar\u0161ykl\u0117je slapukus i\u0161jungti, bet \u017einokite, kad jeigu taip padarysite, galite netekti galimyb\u0117s naudotis daugybe funkcij\u0173, kurios b\u016btinos, kad interneto svetain\u0117 veikt\u0173 kaip dera. <\/p>\n\n\n\n<p><\/p>\n","protected":false},"excerpt":{"rendered":"<p>Taip privataus \u017emogaus interneto puslapiai. O ne \u012fmon\u0117s, tod\u0117l \u010dia galioja \u017emogaus \u017eod\u017eio laisv\u0117s prioritetai. Jei jums \u010dia kas nors nepatinka, tada eikit \u0161ikt. \u0160ie interneto puslapiai yra originalas. T.y. \u0161iuose puslapiuose viskas para\u0161yta rankut\u0117mis, viskas i\u0161bandyta, sulituota, sudeginta, i\u0161tirpdyta,&#8230; <a class=\"more-link\" href=\"https:\/\/www.pumidas.com\/kolekcija\/privacy-policy\/\">Continue Reading &rarr;<\/a><\/p>\n","protected":false},"author":1,"featured_media":0,"parent":0,"menu_order":0,"comment_status":"closed","ping_status":"open","template":"","meta":{"footnotes":""},"class_list":["post-3","page","type-page","status-publish","hentry"],"_links":{"self":[{"href":"https:\/\/www.pumidas.com\/kolekcija\/wp-json\/wp\/v2\/pages\/3","targetHints":{"allow":["GET"]}}],"collection":[{"href":"https:\/\/www.pumidas.com\/kolekcija\/wp-json\/wp\/v2\/pages"}],"about":[{"href":"https:\/\/www.pumidas.com\/kolekcija\/wp-json\/wp\/v2\/types\/page"}],"author":[{"embeddable":true,"href":"https:\/\/www.pumidas.com\/kolekcija\/wp-json\/wp\/v2\/users\/1"}],"replies":[{"embeddable":true,"href":"https:\/\/www.pumidas.com\/kolekcija\/wp-json\/wp\/v2\/comments?post=3"}],"version-history":[{"count":2,"href":"https:\/\/www.pumidas.com\/kolekcija\/wp-json\/wp\/v2\/pages\/3\/revisions"}],"predecessor-version":[{"id":9,"href":"https:\/\/www.pumidas.com\/kolekcija\/wp-json\/wp\/v2\/pages\/3\/revisions\/9"}],"wp:attachment":[{"href":"https:\/\/www.pumidas.com\/kolekcija\/wp-json\/wp\/v2\/media?parent=3"}],"curies":[{"name":"wp","href":"https:\/\/api.w.org\/{rel}","templated":true}]}}