{"id":1427,"date":"2024-10-05T07:52:43","date_gmt":"2024-10-05T07:52:43","guid":{"rendered":"https:\/\/www.pumidas.com\/kolekcija\/?page_id=1427"},"modified":"2024-10-05T08:55:46","modified_gmt":"2024-10-05T08:55:46","slug":"juostos","status":"publish","type":"page","link":"https:\/\/www.pumidas.com\/kolekcija\/juostos\/","title":{"rendered":"Juosteli\u0173 \u012frenginiai"},"content":{"rendered":"\n<p>Trumpas turim\u0173 \u012frengini\u0173 s\u0105ra\u0161as:<\/p>\n\n\n\n<figure class=\"wp-block-table\"><table class=\"has-fixed-layout\"><tbody><tr><td>Nr.<\/td><td>Karta<\/td><td>Pavadinimas<\/td><td>Komentaras<\/td><\/tr><tr><td>1<\/td><td>LTO 2<\/td><td><a href=\"\/kolekcija\/2024\/09\/29\/ultrium-lto-2\/\">Hewlett Packard C7379<\/a><\/td><td>be priekio<\/td><\/tr><tr><td>2<\/td><td>LTO 2<\/td><td><a href=\"\/kolekcija\/2024\/09\/29\/hp-storageworks-ultrium-448-lto-2\/\">Hewlett Packard StorageWorks Ultrium 448<\/a><\/td><td>veikia<\/td><\/tr><tr><td>3<\/td><td>LTO 3<\/td><td><a href=\"\/kolekcija\/2024\/09\/29\/quantum-tc-l32ax-lto-3\/\">Quantum TC-L32AX<\/a><\/td><td>dalinai veikia<\/td><\/tr><tr><td>4<\/td><td>LTO 3<\/td><td><a href=\"\/kolekcija\/2024\/10\/01\/tandberg-data-lto-3\/\">TANDBERG DATA BRSLA-0605-DC<\/a><\/td><td>veikia<\/td><\/tr><tr><td>5<\/td><td>LTO 3<\/td><td><a href=\"\/kolekcija\/2024\/10\/01\/quantum-lto-3-sas\/\">Quantum TC-L32AN<\/a><\/td><td>pana\u0161u, kad veikia. SAS<\/td><\/tr><tr><td>6<\/td><td>LTO 4<\/td><td><a href=\"https:\/\/www.pumidas.com\/kolekcija\/2024\/10\/04\/ibm-lto-ultrium-4-h\/\">IBM LTO Ultrium 4-H<\/a><\/td><td>neveikia<\/td><\/tr><\/tbody><\/table><figcaption class=\"wp-element-caption\"><a href=\"\/kolekcija\/2024\/09\/28\/ultrium-lto\/\">LTO Ultrium serija<\/a><\/figcaption><\/figure>\n\n\n\n<hr class=\"wp-block-separator has-alpha-channel-opacity\"\/>\n\n\n\n<figure class=\"wp-block-table\"><table class=\"has-fixed-layout\"><tbody><tr><td>Nr.<\/td><td>Karta<\/td><td>Pavadinimas<\/td><td>Komentaras<\/td><\/tr><tr><td>1<\/td><td>DLT 40<\/td><td><a href=\"\/kolekcija\/2024\/09\/29\/surestore-dlt-40\/\">Hewlett Packard SureStore DLT 40<\/a><\/td><td>neveikia<\/td><\/tr><tr><td>2<\/td><td>DLT 80<\/td><td><a href=\"\/kolekcija\/2024\/10\/05\/hp-surestore-dlt-80\/\">Hewlett Packard SureStore DLT 80<\/a><\/td><td>lygtai veikia<\/td><\/tr><\/tbody><\/table><figcaption class=\"wp-element-caption\"><a href=\"\/kolekcija\/2024\/09\/29\/dlt\/\">DLT serija<\/a><\/figcaption><\/figure>\n\n\n\n<hr class=\"wp-block-separator has-alpha-channel-opacity\"\/>\n\n\n\n<figure class=\"wp-block-table\"><table class=\"has-fixed-layout\"><tbody><tr><td>Nr.<\/td><td>Karta<\/td><td>Pavadinimas<\/td><td>Komentaras<\/td><\/tr><tr><td>1<\/td><td>DAT 72<\/td><td><a href=\"\/kolekcija\/2024\/09\/28\/storageworks-dat-72\/\">Hewlett Packard StorageWorks DAT 72<\/a><\/td><td>veikia<\/td><\/tr><tr><td>2<\/td><td>DAT 40 \/ DDS4<\/td><td><a href=\"\/kolekcija\/2024\/09\/28\/surestore-dat40\/\">Hewlett Packard SureStore DAT40<\/a><\/td><td>veikia<\/td><\/tr><\/tbody><\/table><figcaption class=\"wp-element-caption\"><a href=\"\/kolekcija\/2024\/09\/28\/dds-tape\/\">DDS serija<\/a><\/figcaption><\/figure>\n","protected":false},"excerpt":{"rendered":"<p>Trumpas turim\u0173 \u012frengini\u0173 s\u0105ra\u0161as: Nr. Karta Pavadinimas Komentaras 1 LTO 2 Hewlett Packard C7379 be priekio 2 LTO 2 Hewlett Packard StorageWorks Ultrium 448 veikia 3 LTO 3 Quantum TC-L32AX dalinai veikia 4 LTO 3 TANDBERG DATA BRSLA-0605-DC veikia 5&#8230; <a class=\"more-link\" href=\"https:\/\/www.pumidas.com\/kolekcija\/juostos\/\">Continue Reading &rarr;<\/a><\/p>\n","protected":false},"author":1,"featured_media":0,"parent":0,"menu_order":0,"comment_status":"closed","ping_status":"closed","template":"","meta":{"footnotes":""},"class_list":["post-1427","page","type-page","status-publish","hentry"],"_links":{"self":[{"href":"https:\/\/www.pumidas.com\/kolekcija\/wp-json\/wp\/v2\/pages\/1427","targetHints":{"allow":["GET"]}}],"collection":[{"href":"https:\/\/www.pumidas.com\/kolekcija\/wp-json\/wp\/v2\/pages"}],"about":[{"href":"https:\/\/www.pumidas.com\/kolekcija\/wp-json\/wp\/v2\/types\/page"}],"author":[{"embeddable":true,"href":"https:\/\/www.pumidas.com\/kolekcija\/wp-json\/wp\/v2\/users\/1"}],"replies":[{"embeddable":true,"href":"https:\/\/www.pumidas.com\/kolekcija\/wp-json\/wp\/v2\/comments?post=1427"}],"version-history":[{"count":13,"href":"https:\/\/www.pumidas.com\/kolekcija\/wp-json\/wp\/v2\/pages\/1427\/revisions"}],"predecessor-version":[{"id":1450,"href":"https:\/\/www.pumidas.com\/kolekcija\/wp-json\/wp\/v2\/pages\/1427\/revisions\/1450"}],"wp:attachment":[{"href":"https:\/\/www.pumidas.com\/kolekcija\/wp-json\/wp\/v2\/media?parent=1427"}],"curies":[{"name":"wp","href":"https:\/\/api.w.org\/{rel}","templated":true}]}}