{"id":10,"date":"2019-12-10T23:13:48","date_gmt":"2019-12-10T23:13:48","guid":{"rendered":"http:\/\/www.pumidas.com\/kolekcija\/?page_id=10"},"modified":"2019-12-10T23:13:48","modified_gmt":"2019-12-10T23:13:48","slug":"apie","status":"publish","type":"page","link":"https:\/\/www.pumidas.com\/kolekcija\/apie\/","title":{"rendered":"Apie"},"content":{"rendered":"\n<p>Tai mano senovi\u0161k\u0173 kompiuteri\u0173 kolekcija.<\/p>\n\n\n\n<p><\/p>\n","protected":false},"excerpt":{"rendered":"<p>Tai mano senovi\u0161k\u0173 kompiuteri\u0173 kolekcija.<\/p>\n","protected":false},"author":1,"featured_media":0,"parent":0,"menu_order":0,"comment_status":"closed","ping_status":"closed","template":"","meta":{"footnotes":""},"class_list":["post-10","page","type-page","status-publish","hentry"],"_links":{"self":[{"href":"https:\/\/www.pumidas.com\/kolekcija\/wp-json\/wp\/v2\/pages\/10","targetHints":{"allow":["GET"]}}],"collection":[{"href":"https:\/\/www.pumidas.com\/kolekcija\/wp-json\/wp\/v2\/pages"}],"about":[{"href":"https:\/\/www.pumidas.com\/kolekcija\/wp-json\/wp\/v2\/types\/page"}],"author":[{"embeddable":true,"href":"https:\/\/www.pumidas.com\/kolekcija\/wp-json\/wp\/v2\/users\/1"}],"replies":[{"embeddable":true,"href":"https:\/\/www.pumidas.com\/kolekcija\/wp-json\/wp\/v2\/comments?post=10"}],"version-history":[{"count":1,"href":"https:\/\/www.pumidas.com\/kolekcija\/wp-json\/wp\/v2\/pages\/10\/revisions"}],"predecessor-version":[{"id":11,"href":"https:\/\/www.pumidas.com\/kolekcija\/wp-json\/wp\/v2\/pages\/10\/revisions\/11"}],"wp:attachment":[{"href":"https:\/\/www.pumidas.com\/kolekcija\/wp-json\/wp\/v2\/media?parent=10"}],"curies":[{"name":"wp","href":"https:\/\/api.w.org\/{rel}","templated":true}]}}